{"id":95,"date":"2026-01-24T16:56:23","date_gmt":"2026-01-24T16:56:23","guid":{"rendered":"https:\/\/donbosco.media\/?page_id=95"},"modified":"2026-01-24T16:56:29","modified_gmt":"2026-01-24T16:56:29","slug":"mentions-legales","status":"publish","type":"page","link":"https:\/\/donbosco.media\/index.php\/mentions-legales\/","title":{"rendered":"Mentions L\u00e9gales"},"content":{"rendered":"<p>[et_pb_section fb_built=\u00a0\u00bb1&Prime; theme_builder_area=\u00a0\u00bbpost_content\u00a0\u00bb _builder_version=\u00a0\u00bb4.27.4&Prime; _module_preset=\u00a0\u00bbdefault\u00a0\u00bb custom_padding=\u00a0\u00bb0px||0px||false|false\u00a0\u00bb hover_enabled=\u00a0\u00bb0&Prime; sticky_enabled=\u00a0\u00bb0&Prime;][et_pb_row _builder_version=\u00a0\u00bb4.27.4&Prime; _module_preset=\u00a0\u00bbdefault\u00a0\u00bb theme_builder_area=\u00a0\u00bbpost_content\u00a0\u00bb column_structure=\u00a0\u00bb1_2,1_2&Prime;][et_pb_column _builder_version=\u00a0\u00bb4.27.4&Prime; _module_preset=\u00a0\u00bbdefault\u00a0\u00bb type=\u00a0\u00bb1_2&Prime; theme_builder_area=\u00a0\u00bbpost_content\u00a0\u00bb][et_pb_icon _builder_version=\u00a0\u00bb4.27.4&Prime; _module_preset=\u00a0\u00bbdefault\u00a0\u00bb theme_builder_area=\u00a0\u00bbpost_content\u00a0\u00bb font_icon=\u00a0\u00bb&#xe074;||divi||400&Prime; hover_enabled=\u00a0\u00bb0&Prime; sticky_enabled=\u00a0\u00bb0&Prime;][\/et_pb_icon][et_pb_text _builder_version=\u00a0\u00bb4.27.4&Prime; _module_preset=\u00a0\u00bbdefault\u00a0\u00bb theme_builder_area=\u00a0\u00bbpost_content\u00a0\u00bb hover_enabled=\u00a0\u00bb0&Prime; sticky_enabled=\u00a0\u00bb0&Prime;]<\/p>\n<h2>Don Bosco Media<\/h2>\n<p>Si\u00e8ges sociale et administratif<\/p>\n<p>393 bis rue des Pyr\u00e9n\u00e9es<br \/>75020 PARIS<\/p>\n<p>SIRET : 334 518 040 00038<\/p>\n<p>[\/et_pb_text][\/et_pb_column][et_pb_column _builder_version=\u00a0\u00bb4.27.4&Prime; _module_preset=\u00a0\u00bbdefault\u00a0\u00bb type=\u00a0\u00bb1_2&Prime; theme_builder_area=\u00a0\u00bbpost_content\u00a0\u00bb][et_pb_icon _builder_version=\u00a0\u00bb4.27.4&Prime; _module_preset=\u00a0\u00bbdefault\u00a0\u00bb theme_builder_area=\u00a0\u00bbpost_content\u00a0\u00bb font_icon=\u00a0\u00bb&#xf1f9;||fa||900&Prime; hover_enabled=\u00a0\u00bb0&Prime; sticky_enabled=\u00a0\u00bb0&Prime;][\/et_pb_icon][et_pb_text _builder_version=\u00a0\u00bb4.27.4&Prime; _module_preset=\u00a0\u00bbdefault\u00a0\u00bb theme_builder_area=\u00a0\u00bbpost_content\u00a0\u00bb hover_enabled=\u00a0\u00bb0&Prime; sticky_enabled=\u00a0\u00bb0&Prime;]<\/p>\n<p>Les articles du site internet Don Bosco Media \u00e9crits par leurs auteurs, ainsi que les vid\u00e9os sont mis \u00e0 disposition selon les termes de la licence Creative Commons (Paternit\u00e9-Pas d\u2019Utilisation Commerciale-Pas de Modification 2.0 France), bas\u00e9e sur l\u2019\u0153uvre Don Bosco Media. Les autorisations au-del\u00e0 du champ de cette licence peuvent \u00eatre obtenues dans la section \u00ab Contact \u00bb<\/p>\n<p>Les photos sont sous droits r\u00e9serv\u00e9s \u00e0 leurs auteurs et suivant la limitation des autorisations des droits \u00e0 l\u2019images des personnes prises.<\/p>\n<p>[\/et_pb_text][\/et_pb_column][\/et_pb_row][\/et_pb_section]<\/p>\n","protected":false},"excerpt":{"rendered":"<p>Don Bosco Media Si\u00e8ges sociale et administratif 393 bis rue des Pyr\u00e9n\u00e9es75020 PARIS SIRET : 334 518 040 00038Les articles du site internet Don Bosco Media \u00e9crits par leurs auteurs, ainsi que les vid\u00e9os sont mis \u00e0 disposition selon les termes de la licence Creative Commons (Paternit\u00e9-Pas d\u2019Utilisation Commerciale-Pas de Modification 2.0 France), bas\u00e9e sur [&hellip;]<\/p>\n","protected":false},"author":1,"featured_media":0,"parent":0,"menu_order":0,"comment_status":"closed","ping_status":"closed","template":"","meta":{"_et_pb_use_builder":"on","_et_pb_old_content":"","_et_gb_content_width":"","footnotes":""},"class_list":["post-95","page","type-page","status-publish","hentry"],"_links":{"self":[{"href":"https:\/\/donbosco.media\/index.php\/wp-json\/wp\/v2\/pages\/95","targetHints":{"allow":["GET"]}}],"collection":[{"href":"https:\/\/donbosco.media\/index.php\/wp-json\/wp\/v2\/pages"}],"about":[{"href":"https:\/\/donbosco.media\/index.php\/wp-json\/wp\/v2\/types\/page"}],"author":[{"embeddable":true,"href":"https:\/\/donbosco.media\/index.php\/wp-json\/wp\/v2\/users\/1"}],"replies":[{"embeddable":true,"href":"https:\/\/donbosco.media\/index.php\/wp-json\/wp\/v2\/comments?post=95"}],"version-history":[{"count":2,"href":"https:\/\/donbosco.media\/index.php\/wp-json\/wp\/v2\/pages\/95\/revisions"}],"predecessor-version":[{"id":98,"href":"https:\/\/donbosco.media\/index.php\/wp-json\/wp\/v2\/pages\/95\/revisions\/98"}],"wp:attachment":[{"href":"https:\/\/donbosco.media\/index.php\/wp-json\/wp\/v2\/media?parent=95"}],"curies":[{"name":"wp","href":"https:\/\/api.w.org\/{rel}","templated":true}]}}